{"id":153,"date":"2011-03-28T12:36:25","date_gmt":"2011-03-28T10:36:25","guid":{"rendered":"https:\/\/www.optimizacijasajta.org\/blog\/?page_id=153"},"modified":"2011-03-28T12:43:34","modified_gmt":"2011-03-28T10:43:34","slug":"o-blogu","status":"publish","type":"page","link":"https:\/\/www.optimizacijasajta.org\/blog\/o-blogu\/","title":{"rendered":"O blogu"},"content":{"rendered":"<p>Po\u0161tovani posetioci,<\/p>\n<p>Blog SEO optimizacija sajta je namenjen svim internet korisnicima koji na bilo koji na\u010din imaju interesovanja vezana za termine i pojmove koje popularno nazivamo optimizacija sajta, SEO, internet marketing, pozicioniranje sajtova, Google, pretra\u017eiva\u010di, reklamiranje na internetu i sli\u010dno.<\/p>\n<p>Na blogu se nalaze tekstovi autora koji \u0107e se truditi da na \u0161to je mogu\u0107e razumljiviji na\u010din opi\u0161e razne pojmove i \u010dinjenice vezane za ovu popularnu temu. Tako\u0111e, konstantno pratimo sve najnovije vesti vezane za internet pretra\u017eiva\u010de. Nadamo se da \u0107emo uspeti u nameri da budemo jasni i razumljivi.<\/p>\n<p>Ovim putem pozivamo sve dobronamerne ljude koji se bave ovom tematikom ili imaju sli\u010dna interesovanja da u\u010destvuju u diskusijama putem komentara. Svi komentari koji imaju veze sa temom, sva pitanja i sugestije su dobrodo\u0161li i bi\u0107e ovjavljeni, dok komentari tipa &#8222;super blog&#8220; ili &#8222;svaka cast&#8220; ili bilo koji drugi koji imaju veze sa spam ne\u0107e biti objavljeni.<\/p>\n<p>Tako\u0111e, svaka negativna sugestija je dobrodo\u0161la, ba\u0161 kao i ona pozitivna. Svakim danom se usavr\u0161avamo, pratimo poslednje promene algoritma i sve ostale vesti i promene kako na Google, tako i na svim drugim pretra\u017eiva\u010dima.<\/p>\n<p>Ukoliko imate neki svoj tekst koji \u017eelite da objavite na blogu, mo\u017eete nam pisati na seo@optimizacijasajta.org i Va\u0161 tekst \u0107e biti objavljen sa Va\u0161im potpisom.<\/p>\n<p>Nadamo se da \u0107ete u\u017eivati u \u010ditanju tekstova i diskusijama na blogu optimizacija sajta za pretra\u017eiva\u010de.<\/p>\n<p>&nbsp;<\/p>\n","protected":false},"excerpt":{"rendered":"<p>Po\u0161tovani posetioci, Blog SEO optimizacija sajta je namenjen svim internet korisnicima koji na bilo koji na\u010din imaju interesovanja vezana za termine i pojmove koje popularno nazivamo optimizacija sajta, SEO, internet marketing, pozicioniranje sajtova, Google, pretra\u017eiva\u010di, reklamiranje na internetu i sli\u010dno. Na blogu se nalaze tekstovi autora koji \u0107e se truditi [&hellip;]<\/p>\n","protected":false},"author":1,"featured_media":0,"parent":0,"menu_order":0,"comment_status":"open","ping_status":"open","template":"","meta":{"footnotes":""},"class_list":["post-153","page","type-page","status-publish","hentry"],"yoast_head":"<!-- This site is optimized with the Yoast SEO plugin v27.4 - https:\/\/yoast.com\/product\/yoast-seo-wordpress\/ -->\n<title>O blogu - Seo blog - Optimizacija Sajta<\/title>\n<meta name=\"description\" content=\"Po\u0161tovani posetioci, Blog SEO optimizacija sajta je namenjen svim internet korisnicima koji na bilo koji na\u010din imaju interesovanja vezana za termine i\" \/>\n<meta name=\"robots\" content=\"index, follow, max-snippet:-1, max-image-preview:large, max-video-preview:-1\" \/>\n<link rel=\"canonical\" href=\"https:\/\/www.optimizacijasajta.org\/blog\/o-blogu\/\" \/>\n<meta property=\"og:locale\" content=\"sr_RS\" \/>\n<meta property=\"og:type\" content=\"article\" \/>\n<meta property=\"og:title\" content=\"O blogu - Seo blog - Optimizacija Sajta\" \/>\n<meta property=\"og:description\" content=\"Po\u0161tovani posetioci, Blog SEO optimizacija sajta je namenjen svim internet korisnicima koji na bilo koji na\u010din imaju interesovanja vezana za termine i\" \/>\n<meta property=\"og:url\" content=\"https:\/\/www.optimizacijasajta.org\/blog\/o-blogu\/\" \/>\n<meta property=\"og:site_name\" content=\"Seo blog - Optimizacija Sajta\" \/>\n<meta property=\"article:publisher\" content=\"https:\/\/www.facebook.com\/seo.optimizacija.sajta\" \/>\n<meta property=\"article:modified_time\" content=\"2011-03-28T10:43:34+00:00\" \/>\n<meta name=\"twitter:card\" content=\"summary_large_image\" \/>\n<meta name=\"twitter:site\" content=\"@banjavrujci\" \/>\n<meta name=\"twitter:label1\" content=\"\u041f\u0440\u043e\u0446\u0435\u045a\u0435\u043d\u043e \u0432\u0440\u0435\u043c\u0435 \u0447\u0438\u0442\u0430\u045a\u0430\" \/>\n\t<meta name=\"twitter:data1\" content=\"1 \u043c\u0438\u043d\u0443\u0442\" \/>\n<script type=\"application\/ld+json\" class=\"yoast-schema-graph\">{\"@context\":\"https:\\\/\\\/schema.org\",\"@graph\":[{\"@type\":\"WebPage\",\"@id\":\"https:\\\/\\\/www.optimizacijasajta.org\\\/blog\\\/o-blogu\\\/\",\"url\":\"https:\\\/\\\/www.optimizacijasajta.org\\\/blog\\\/o-blogu\\\/\",\"name\":\"O blogu - Seo blog - Optimizacija Sajta\",\"isPartOf\":{\"@id\":\"https:\\\/\\\/www.optimizacijasajta.org\\\/blog\\\/#website\"},\"datePublished\":\"2011-03-28T10:36:25+00:00\",\"dateModified\":\"2011-03-28T10:43:34+00:00\",\"description\":\"Po\u0161tovani posetioci, Blog SEO optimizacija sajta je namenjen svim internet korisnicima koji na bilo koji na\u010din imaju interesovanja vezana za termine i\",\"breadcrumb\":{\"@id\":\"https:\\\/\\\/www.optimizacijasajta.org\\\/blog\\\/o-blogu\\\/#breadcrumb\"},\"inLanguage\":\"sr-RS\",\"potentialAction\":[{\"@type\":\"ReadAction\",\"target\":[\"https:\\\/\\\/www.optimizacijasajta.org\\\/blog\\\/o-blogu\\\/\"]}]},{\"@type\":\"BreadcrumbList\",\"@id\":\"https:\\\/\\\/www.optimizacijasajta.org\\\/blog\\\/o-blogu\\\/#breadcrumb\",\"itemListElement\":[{\"@type\":\"ListItem\",\"position\":1,\"name\":\"\u041f\u043e\u0447\u0435\u0442\u043d\u0430\",\"item\":\"https:\\\/\\\/www.optimizacijasajta.org\\\/blog\\\/\"},{\"@type\":\"ListItem\",\"position\":2,\"name\":\"O blogu\"}]},{\"@type\":\"WebSite\",\"@id\":\"https:\\\/\\\/www.optimizacijasajta.org\\\/blog\\\/#website\",\"url\":\"https:\\\/\\\/www.optimizacijasajta.org\\\/blog\\\/\",\"name\":\"Seo blog - Optimizacija Sajta\",\"description\":\"SEO blog optimizacija sajta za Google i pretra\u017eiva\u010de. Najnovije vesti i korisni saveti o SEO optimizaciji web sajtova vezane za internet prertra\u017eiva\u010de.\",\"publisher\":{\"@id\":\"https:\\\/\\\/www.optimizacijasajta.org\\\/blog\\\/#organization\"},\"potentialAction\":[{\"@type\":\"SearchAction\",\"target\":{\"@type\":\"EntryPoint\",\"urlTemplate\":\"https:\\\/\\\/www.optimizacijasajta.org\\\/blog\\\/?s={search_term_string}\"},\"query-input\":{\"@type\":\"PropertyValueSpecification\",\"valueRequired\":true,\"valueName\":\"search_term_string\"}}],\"inLanguage\":\"sr-RS\"},{\"@type\":\"Organization\",\"@id\":\"https:\\\/\\\/www.optimizacijasajta.org\\\/blog\\\/#organization\",\"name\":\"Optimizacija Sajta Blog\",\"url\":\"https:\\\/\\\/www.optimizacijasajta.org\\\/blog\\\/\",\"logo\":{\"@type\":\"ImageObject\",\"inLanguage\":\"sr-RS\",\"@id\":\"https:\\\/\\\/www.optimizacijasajta.org\\\/blog\\\/#\\\/schema\\\/logo\\\/image\\\/\",\"url\":\"https:\\\/\\\/www.optimizacijasajta.org\\\/blog\\\/wp-content\\\/uploads\\\/2017\\\/01\\\/optimizacija-sajta.png\",\"contentUrl\":\"https:\\\/\\\/www.optimizacijasajta.org\\\/blog\\\/wp-content\\\/uploads\\\/2017\\\/01\\\/optimizacija-sajta.png\",\"width\":700,\"height\":90,\"caption\":\"Optimizacija Sajta Blog\"},\"image\":{\"@id\":\"https:\\\/\\\/www.optimizacijasajta.org\\\/blog\\\/#\\\/schema\\\/logo\\\/image\\\/\"},\"sameAs\":[\"https:\\\/\\\/www.facebook.com\\\/seo.optimizacija.sajta\",\"https:\\\/\\\/x.com\\\/banjavrujci\",\"https:\\\/\\\/www.linkedin.com\\\/company\\\/optimizacija-sajta-seo\",\"https:\\\/\\\/www.pinterest.com\\\/banjavrujci\\\/optimizacija-sajta\\\/\",\"https:\\\/\\\/www.youtube.com\\\/channel\\\/UCldQjo3mS1LPBZCBt5u0D5w\"]}]}<\/script>\n<!-- \/ Yoast SEO plugin. -->","yoast_head_json":{"title":"O blogu - Seo blog - Optimizacija Sajta","description":"Po\u0161tovani posetioci, Blog SEO optimizacija sajta je namenjen svim internet korisnicima koji na bilo koji na\u010din imaju interesovanja vezana za termine i","robots":{"index":"index","follow":"follow","max-snippet":"max-snippet:-1","max-image-preview":"max-image-preview:large","max-video-preview":"max-video-preview:-1"},"canonical":"https:\/\/www.optimizacijasajta.org\/blog\/o-blogu\/","og_locale":"sr_RS","og_type":"article","og_title":"O blogu - Seo blog - Optimizacija Sajta","og_description":"Po\u0161tovani posetioci, Blog SEO optimizacija sajta je namenjen svim internet korisnicima koji na bilo koji na\u010din imaju interesovanja vezana za termine i","og_url":"https:\/\/www.optimizacijasajta.org\/blog\/o-blogu\/","og_site_name":"Seo blog - Optimizacija Sajta","article_publisher":"https:\/\/www.facebook.com\/seo.optimizacija.sajta","article_modified_time":"2011-03-28T10:43:34+00:00","twitter_card":"summary_large_image","twitter_site":"@banjavrujci","twitter_misc":{"\u041f\u0440\u043e\u0446\u0435\u045a\u0435\u043d\u043e \u0432\u0440\u0435\u043c\u0435 \u0447\u0438\u0442\u0430\u045a\u0430":"1 \u043c\u0438\u043d\u0443\u0442"},"schema":{"@context":"https:\/\/schema.org","@graph":[{"@type":"WebPage","@id":"https:\/\/www.optimizacijasajta.org\/blog\/o-blogu\/","url":"https:\/\/www.optimizacijasajta.org\/blog\/o-blogu\/","name":"O blogu - Seo blog - Optimizacija Sajta","isPartOf":{"@id":"https:\/\/www.optimizacijasajta.org\/blog\/#website"},"datePublished":"2011-03-28T10:36:25+00:00","dateModified":"2011-03-28T10:43:34+00:00","description":"Po\u0161tovani posetioci, Blog SEO optimizacija sajta je namenjen svim internet korisnicima koji na bilo koji na\u010din imaju interesovanja vezana za termine i","breadcrumb":{"@id":"https:\/\/www.optimizacijasajta.org\/blog\/o-blogu\/#breadcrumb"},"inLanguage":"sr-RS","potentialAction":[{"@type":"ReadAction","target":["https:\/\/www.optimizacijasajta.org\/blog\/o-blogu\/"]}]},{"@type":"BreadcrumbList","@id":"https:\/\/www.optimizacijasajta.org\/blog\/o-blogu\/#breadcrumb","itemListElement":[{"@type":"ListItem","position":1,"name":"\u041f\u043e\u0447\u0435\u0442\u043d\u0430","item":"https:\/\/www.optimizacijasajta.org\/blog\/"},{"@type":"ListItem","position":2,"name":"O blogu"}]},{"@type":"WebSite","@id":"https:\/\/www.optimizacijasajta.org\/blog\/#website","url":"https:\/\/www.optimizacijasajta.org\/blog\/","name":"Seo blog - Optimizacija Sajta","description":"SEO blog optimizacija sajta za Google i pretra\u017eiva\u010de. Najnovije vesti i korisni saveti o SEO optimizaciji web sajtova vezane za internet prertra\u017eiva\u010de.","publisher":{"@id":"https:\/\/www.optimizacijasajta.org\/blog\/#organization"},"potentialAction":[{"@type":"SearchAction","target":{"@type":"EntryPoint","urlTemplate":"https:\/\/www.optimizacijasajta.org\/blog\/?s={search_term_string}"},"query-input":{"@type":"PropertyValueSpecification","valueRequired":true,"valueName":"search_term_string"}}],"inLanguage":"sr-RS"},{"@type":"Organization","@id":"https:\/\/www.optimizacijasajta.org\/blog\/#organization","name":"Optimizacija Sajta Blog","url":"https:\/\/www.optimizacijasajta.org\/blog\/","logo":{"@type":"ImageObject","inLanguage":"sr-RS","@id":"https:\/\/www.optimizacijasajta.org\/blog\/#\/schema\/logo\/image\/","url":"https:\/\/www.optimizacijasajta.org\/blog\/wp-content\/uploads\/2017\/01\/optimizacija-sajta.png","contentUrl":"https:\/\/www.optimizacijasajta.org\/blog\/wp-content\/uploads\/2017\/01\/optimizacija-sajta.png","width":700,"height":90,"caption":"Optimizacija Sajta Blog"},"image":{"@id":"https:\/\/www.optimizacijasajta.org\/blog\/#\/schema\/logo\/image\/"},"sameAs":["https:\/\/www.facebook.com\/seo.optimizacija.sajta","https:\/\/x.com\/banjavrujci","https:\/\/www.linkedin.com\/company\/optimizacija-sajta-seo","https:\/\/www.pinterest.com\/banjavrujci\/optimizacija-sajta\/","https:\/\/www.youtube.com\/channel\/UCldQjo3mS1LPBZCBt5u0D5w"]}]}},"_links":{"self":[{"href":"https:\/\/www.optimizacijasajta.org\/blog\/wp-json\/wp\/v2\/pages\/153","targetHints":{"allow":["GET"]}}],"collection":[{"href":"https:\/\/www.optimizacijasajta.org\/blog\/wp-json\/wp\/v2\/pages"}],"about":[{"href":"https:\/\/www.optimizacijasajta.org\/blog\/wp-json\/wp\/v2\/types\/page"}],"author":[{"embeddable":true,"href":"https:\/\/www.optimizacijasajta.org\/blog\/wp-json\/wp\/v2\/users\/1"}],"replies":[{"embeddable":true,"href":"https:\/\/www.optimizacijasajta.org\/blog\/wp-json\/wp\/v2\/comments?post=153"}],"version-history":[{"count":0,"href":"https:\/\/www.optimizacijasajta.org\/blog\/wp-json\/wp\/v2\/pages\/153\/revisions"}],"wp:attachment":[{"href":"https:\/\/www.optimizacijasajta.org\/blog\/wp-json\/wp\/v2\/media?parent=153"}],"curies":[{"name":"wp","href":"https:\/\/api.w.org\/{rel}","templated":true}]}}