{"id":157,"date":"2011-03-28T13:41:42","date_gmt":"2011-03-28T11:41:42","guid":{"rendered":"https:\/\/www.optimizacijasajta.org\/blog\/?page_id=157"},"modified":"2016-12-15T19:51:06","modified_gmt":"2016-12-15T18:51:06","slug":"kontakt","status":"publish","type":"page","link":"https:\/\/www.optimizacijasajta.org\/blog\/kontakt\/","title":{"rendered":"Kontakt"},"content":{"rendered":"\n\n<!-- Fast Secure Contact Form plugin 4.0.52 - begin - FastSecureContactForm.com -->\r\n<div style=\"clear:both;\"><\/div>\n<p>Svi komentari i pitanja su dobrodosli.<\/p>\r\n<div id=\"FSContact1\" style=\"width:375px;\">\r\n<form action=\"https:\/\/www.optimizacijasajta.org\/blog\/wp-json\/wp\/v2\/pages\/157#FSContact1\" id=\"fscf_form1\" method=\"post\">\r\n\n<div id=\"fscf_required1\">\n  <span style=\"text-align:left;\">*<\/span> <span style=\"text-align:left;\">Obavezna polja<\/span>\n<\/div>\n\n\n<div id=\"fscf_div_clear1_0\" style=\"clear:both;\">\n  <div id=\"fscf_div_field1_0\" style=\"clear:left; float:left; width:99%; max-width:550px; margin-right:10px;\">\r\n    <div style=\"text-align:left; padding-top:5px;\">\n      <label style=\"text-align:left;\" for=\"fscf_name1\">Ime<span style=\"text-align:left;\">*<\/span><\/label>\n    <\/div>\r\n    <div style=\"text-align:left;\">\r\n      <input style=\"text-align:left; margin:0;\" type=\"text\" id=\"fscf_name1\" name=\"full_name\" value=\"\"  \/>\r\n    <\/div>\r\n  <\/div>\n<\/div>\n\n<div id=\"fscf_div_clear1_1\" style=\"clear:both;\">\n  <div id=\"fscf_div_field1_1\" style=\"clear:left; float:left; width:99%; max-width:550px; margin-right:10px;\">\n    <div style=\"text-align:left; padding-top:5px;\">\n      <label style=\"text-align:left;\" for=\"fscf_email1\">E-mail<span style=\"text-align:left;\">*<\/span><\/label>\n    <\/div>\n    <div style=\"text-align:left;\">\n      <input style=\"text-align:left; margin:0;\" type=\"text\" id=\"fscf_email1\" name=\"email\" value=\"\"  \/>\n    <\/div>\n  <\/div>\n<\/div>\n\n<div id=\"fscf_div_clear1_2\" style=\"clear:both;\">\n  <div id=\"fscf_div_field1_2\" style=\"clear:left; float:left; width:99%; max-width:550px; margin-right:10px;\">\n    <div style=\"text-align:left; padding-top:5px;\">\n      <label style=\"text-align:left;\" for=\"fscf_field1_2\">Perdmet kontakta<span style=\"text-align:left;\">*<\/span><\/label>\n    <\/div>\n    <div style=\"text-align:left;\">\n      <input style=\"text-align:left; margin:0;\" type=\"text\" id=\"fscf_field1_2\" name=\"subject\" value=\"\"  \/>\n    <\/div>\n  <\/div>\n<\/div>\n\n<div id=\"fscf_div_clear1_3\" style=\"clear:both;\">\n  <div id=\"fscf_div_field1_3\" style=\"clear:left; float:left; width:99%; max-width:550px; margin-right:10px;\">\n    <div style=\"text-align:left; padding-top:5px;\">\n      <label style=\"text-align:left;\" for=\"fscf_field1_3\">Poruka<span style=\"text-align:left;\">*<\/span><\/label>\n    <\/div>\n    <div style=\"text-align:left;\">\n      <textarea style=\"text-align:left; margin:0; width:99%; max-width:250px; height:120px;\" id=\"fscf_field1_3\" name=\"message\" cols=\"30\" rows=\"10\" ><\/textarea>\n    <\/div>\n  <\/div>\n<\/div>\r\n<div style=\"clear:both;\"><\/div>\n\n<div style=\"text-align:left; padding-top:5px;\">\n<\/div>\n<div id=\"fscf_recaptcha1\"><\/div>\n\n<div id=\"fscf_submit_div1\" style=\"text-align:left; padding-top:8px;\">\r\n\t\t<input type=\"submit\" id=\"fscf_submit1\" style=\"cursor:pointer; margin:0;\" value=\"Po\u0161alji poruku\"  onclick=\"this.disabled=true; this.value='Submitting...'; this.form.submit();\" \/> \n<\/div>\n\n<input type=\"hidden\" name=\"fscf_submitted\" value=\"0\" \/>\n<input type=\"hidden\" name=\"fs_postonce_1\" value=\"4eb5e7304a9571cf096ff622f025b82a,1776609324\" \/>\n<input type=\"hidden\" name=\"si_contact_action\" value=\"send\" \/>\n<input type=\"hidden\" name=\"form_id\" value=\"1\" \/>\n<input type=\"hidden\" name=\"mailto_id\" value=\"1\" \/>\n\n<\/form>\n<\/div>\r\n<div style=\"clear:both;\"><\/div>\n\n<!-- Fast Secure Contact Form plugin 4.0.52 - end - FastSecureContactForm.com -->\n\n","protected":false},"excerpt":{"rendered":"","protected":false},"author":1,"featured_media":0,"parent":0,"menu_order":0,"comment_status":"open","ping_status":"open","template":"","meta":{"footnotes":""},"class_list":["post-157","page","type-page","status-publish","hentry"],"yoast_head":"<!-- This site is optimized with the Yoast SEO plugin v27.4 - https:\/\/yoast.com\/product\/yoast-seo-wordpress\/ -->\n<title>Optimizacija sajta seo blog - Kontakt<\/title>\n<meta name=\"robots\" content=\"index, follow, max-snippet:-1, max-image-preview:large, max-video-preview:-1\" \/>\n<link rel=\"canonical\" href=\"https:\/\/www.optimizacijasajta.org\/blog\/kontakt\/\" \/>\n<meta property=\"og:locale\" content=\"sr_RS\" \/>\n<meta property=\"og:type\" content=\"article\" \/>\n<meta property=\"og:title\" content=\"Optimizacija sajta seo blog - Kontakt\" \/>\n<meta property=\"og:url\" content=\"https:\/\/www.optimizacijasajta.org\/blog\/kontakt\/\" \/>\n<meta property=\"og:site_name\" content=\"Seo blog - Optimizacija Sajta\" \/>\n<meta property=\"article:publisher\" content=\"https:\/\/www.facebook.com\/seo.optimizacija.sajta\" \/>\n<meta property=\"article:modified_time\" content=\"2016-12-15T18:51:06+00:00\" \/>\n<meta name=\"twitter:card\" content=\"summary_large_image\" \/>\n<meta name=\"twitter:site\" content=\"@banjavrujci\" \/>\n<script type=\"application\/ld+json\" class=\"yoast-schema-graph\">{\"@context\":\"https:\\\/\\\/schema.org\",\"@graph\":[{\"@type\":\"WebPage\",\"@id\":\"https:\\\/\\\/www.optimizacijasajta.org\\\/blog\\\/kontakt\\\/\",\"url\":\"https:\\\/\\\/www.optimizacijasajta.org\\\/blog\\\/kontakt\\\/\",\"name\":\"Optimizacija sajta seo blog - Kontakt\",\"isPartOf\":{\"@id\":\"https:\\\/\\\/www.optimizacijasajta.org\\\/blog\\\/#website\"},\"datePublished\":\"2011-03-28T11:41:42+00:00\",\"dateModified\":\"2016-12-15T18:51:06+00:00\",\"breadcrumb\":{\"@id\":\"https:\\\/\\\/www.optimizacijasajta.org\\\/blog\\\/kontakt\\\/#breadcrumb\"},\"inLanguage\":\"sr-RS\",\"potentialAction\":[{\"@type\":\"ReadAction\",\"target\":[\"https:\\\/\\\/www.optimizacijasajta.org\\\/blog\\\/kontakt\\\/\"]}]},{\"@type\":\"BreadcrumbList\",\"@id\":\"https:\\\/\\\/www.optimizacijasajta.org\\\/blog\\\/kontakt\\\/#breadcrumb\",\"itemListElement\":[{\"@type\":\"ListItem\",\"position\":1,\"name\":\"\u041f\u043e\u0447\u0435\u0442\u043d\u0430\",\"item\":\"https:\\\/\\\/www.optimizacijasajta.org\\\/blog\\\/\"},{\"@type\":\"ListItem\",\"position\":2,\"name\":\"Kontakt\"}]},{\"@type\":\"WebSite\",\"@id\":\"https:\\\/\\\/www.optimizacijasajta.org\\\/blog\\\/#website\",\"url\":\"https:\\\/\\\/www.optimizacijasajta.org\\\/blog\\\/\",\"name\":\"Seo blog - Optimizacija Sajta\",\"description\":\"SEO blog optimizacija sajta za Google i pretra\u017eiva\u010de. Najnovije vesti i korisni saveti o SEO optimizaciji web sajtova vezane za internet prertra\u017eiva\u010de.\",\"publisher\":{\"@id\":\"https:\\\/\\\/www.optimizacijasajta.org\\\/blog\\\/#organization\"},\"potentialAction\":[{\"@type\":\"SearchAction\",\"target\":{\"@type\":\"EntryPoint\",\"urlTemplate\":\"https:\\\/\\\/www.optimizacijasajta.org\\\/blog\\\/?s={search_term_string}\"},\"query-input\":{\"@type\":\"PropertyValueSpecification\",\"valueRequired\":true,\"valueName\":\"search_term_string\"}}],\"inLanguage\":\"sr-RS\"},{\"@type\":\"Organization\",\"@id\":\"https:\\\/\\\/www.optimizacijasajta.org\\\/blog\\\/#organization\",\"name\":\"Optimizacija Sajta Blog\",\"url\":\"https:\\\/\\\/www.optimizacijasajta.org\\\/blog\\\/\",\"logo\":{\"@type\":\"ImageObject\",\"inLanguage\":\"sr-RS\",\"@id\":\"https:\\\/\\\/www.optimizacijasajta.org\\\/blog\\\/#\\\/schema\\\/logo\\\/image\\\/\",\"url\":\"https:\\\/\\\/www.optimizacijasajta.org\\\/blog\\\/wp-content\\\/uploads\\\/2017\\\/01\\\/optimizacija-sajta.png\",\"contentUrl\":\"https:\\\/\\\/www.optimizacijasajta.org\\\/blog\\\/wp-content\\\/uploads\\\/2017\\\/01\\\/optimizacija-sajta.png\",\"width\":700,\"height\":90,\"caption\":\"Optimizacija Sajta Blog\"},\"image\":{\"@id\":\"https:\\\/\\\/www.optimizacijasajta.org\\\/blog\\\/#\\\/schema\\\/logo\\\/image\\\/\"},\"sameAs\":[\"https:\\\/\\\/www.facebook.com\\\/seo.optimizacija.sajta\",\"https:\\\/\\\/x.com\\\/banjavrujci\",\"https:\\\/\\\/www.linkedin.com\\\/company\\\/optimizacija-sajta-seo\",\"https:\\\/\\\/www.pinterest.com\\\/banjavrujci\\\/optimizacija-sajta\\\/\",\"https:\\\/\\\/www.youtube.com\\\/channel\\\/UCldQjo3mS1LPBZCBt5u0D5w\"]}]}<\/script>\n<!-- \/ Yoast SEO plugin. -->","yoast_head_json":{"title":"Optimizacija sajta seo blog - Kontakt","robots":{"index":"index","follow":"follow","max-snippet":"max-snippet:-1","max-image-preview":"max-image-preview:large","max-video-preview":"max-video-preview:-1"},"canonical":"https:\/\/www.optimizacijasajta.org\/blog\/kontakt\/","og_locale":"sr_RS","og_type":"article","og_title":"Optimizacija sajta seo blog - Kontakt","og_url":"https:\/\/www.optimizacijasajta.org\/blog\/kontakt\/","og_site_name":"Seo blog - Optimizacija Sajta","article_publisher":"https:\/\/www.facebook.com\/seo.optimizacija.sajta","article_modified_time":"2016-12-15T18:51:06+00:00","twitter_card":"summary_large_image","twitter_site":"@banjavrujci","schema":{"@context":"https:\/\/schema.org","@graph":[{"@type":"WebPage","@id":"https:\/\/www.optimizacijasajta.org\/blog\/kontakt\/","url":"https:\/\/www.optimizacijasajta.org\/blog\/kontakt\/","name":"Optimizacija sajta seo blog - Kontakt","isPartOf":{"@id":"https:\/\/www.optimizacijasajta.org\/blog\/#website"},"datePublished":"2011-03-28T11:41:42+00:00","dateModified":"2016-12-15T18:51:06+00:00","breadcrumb":{"@id":"https:\/\/www.optimizacijasajta.org\/blog\/kontakt\/#breadcrumb"},"inLanguage":"sr-RS","potentialAction":[{"@type":"ReadAction","target":["https:\/\/www.optimizacijasajta.org\/blog\/kontakt\/"]}]},{"@type":"BreadcrumbList","@id":"https:\/\/www.optimizacijasajta.org\/blog\/kontakt\/#breadcrumb","itemListElement":[{"@type":"ListItem","position":1,"name":"\u041f\u043e\u0447\u0435\u0442\u043d\u0430","item":"https:\/\/www.optimizacijasajta.org\/blog\/"},{"@type":"ListItem","position":2,"name":"Kontakt"}]},{"@type":"WebSite","@id":"https:\/\/www.optimizacijasajta.org\/blog\/#website","url":"https:\/\/www.optimizacijasajta.org\/blog\/","name":"Seo blog - Optimizacija Sajta","description":"SEO blog optimizacija sajta za Google i pretra\u017eiva\u010de. Najnovije vesti i korisni saveti o SEO optimizaciji web sajtova vezane za internet prertra\u017eiva\u010de.","publisher":{"@id":"https:\/\/www.optimizacijasajta.org\/blog\/#organization"},"potentialAction":[{"@type":"SearchAction","target":{"@type":"EntryPoint","urlTemplate":"https:\/\/www.optimizacijasajta.org\/blog\/?s={search_term_string}"},"query-input":{"@type":"PropertyValueSpecification","valueRequired":true,"valueName":"search_term_string"}}],"inLanguage":"sr-RS"},{"@type":"Organization","@id":"https:\/\/www.optimizacijasajta.org\/blog\/#organization","name":"Optimizacija Sajta Blog","url":"https:\/\/www.optimizacijasajta.org\/blog\/","logo":{"@type":"ImageObject","inLanguage":"sr-RS","@id":"https:\/\/www.optimizacijasajta.org\/blog\/#\/schema\/logo\/image\/","url":"https:\/\/www.optimizacijasajta.org\/blog\/wp-content\/uploads\/2017\/01\/optimizacija-sajta.png","contentUrl":"https:\/\/www.optimizacijasajta.org\/blog\/wp-content\/uploads\/2017\/01\/optimizacija-sajta.png","width":700,"height":90,"caption":"Optimizacija Sajta Blog"},"image":{"@id":"https:\/\/www.optimizacijasajta.org\/blog\/#\/schema\/logo\/image\/"},"sameAs":["https:\/\/www.facebook.com\/seo.optimizacija.sajta","https:\/\/x.com\/banjavrujci","https:\/\/www.linkedin.com\/company\/optimizacija-sajta-seo","https:\/\/www.pinterest.com\/banjavrujci\/optimizacija-sajta\/","https:\/\/www.youtube.com\/channel\/UCldQjo3mS1LPBZCBt5u0D5w"]}]}},"_links":{"self":[{"href":"https:\/\/www.optimizacijasajta.org\/blog\/wp-json\/wp\/v2\/pages\/157","targetHints":{"allow":["GET"]}}],"collection":[{"href":"https:\/\/www.optimizacijasajta.org\/blog\/wp-json\/wp\/v2\/pages"}],"about":[{"href":"https:\/\/www.optimizacijasajta.org\/blog\/wp-json\/wp\/v2\/types\/page"}],"author":[{"embeddable":true,"href":"https:\/\/www.optimizacijasajta.org\/blog\/wp-json\/wp\/v2\/users\/1"}],"replies":[{"embeddable":true,"href":"https:\/\/www.optimizacijasajta.org\/blog\/wp-json\/wp\/v2\/comments?post=157"}],"version-history":[{"count":0,"href":"https:\/\/www.optimizacijasajta.org\/blog\/wp-json\/wp\/v2\/pages\/157\/revisions"}],"wp:attachment":[{"href":"https:\/\/www.optimizacijasajta.org\/blog\/wp-json\/wp\/v2\/media?parent=157"}],"curies":[{"name":"wp","href":"https:\/\/api.w.org\/{rel}","templated":true}]}}